{"id":1808,"date":"2022-09-15T09:09:32","date_gmt":"2022-09-15T07:09:32","guid":{"rendered":"https:\/\/fxschmidt.com\/?page_id=1808"},"modified":"2024-01-10T15:57:02","modified_gmt":"2024-01-10T14:57:02","slug":"legal-notice","status":"publish","type":"page","link":"https:\/\/fxschmidt.com\/en\/about\/legal-notice\/","title":{"rendered":"Legal notice"},"content":{"rendered":"<div class=\"fusion-fullwidth fullwidth-box fusion-builder-row-1 fusion-flex-container nonhundred-percent-fullwidth non-hundred-percent-height-scrolling\" style=\"--awb-background-position:left top;--awb-border-sizes-top:0px;--awb-border-sizes-bottom:0px;--awb-border-sizes-left:0px;--awb-border-sizes-right:0px;--awb-border-radius-top-left:0px;--awb-border-radius-top-right:0px;--awb-border-radius-bottom-right:0px;--awb-border-radius-bottom-left:0px;--awb-padding-top:80px;--awb-padding-bottom:80px;--awb-flex-wrap:wrap;\" ><div class=\"fusion-builder-row fusion-row fusion-flex-align-items-stretch fusion-flex-content-wrap\" style=\"max-width:1352px;margin-left: calc(-4% \/ 2 );margin-right: calc(-4% \/ 2 );\"><div class=\"fusion-layout-column fusion_builder_column fusion-builder-column-0 fusion_builder_column_1_1 1_1 fusion-flex-column\" style=\"--awb-bg-size:cover;--awb-width-large:100%;--awb-margin-top-large:0px;--awb-spacing-right-large:1.92%;--awb-margin-bottom-large:20px;--awb-spacing-left-large:1.92%;--awb-width-medium:100%;--awb-spacing-right-medium:1.92%;--awb-spacing-left-medium:1.92%;--awb-width-small:100%;--awb-spacing-right-small:1.92%;--awb-spacing-left-small:1.92%;\"><div class=\"fusion-column-wrapper fusion-flex-justify-content-flex-start fusion-content-layout-column\"><div class=\"fusion-text fusion-text-1\"><h1>Legal notice<\/h1>\n<\/div><div class=\"fusion-text fusion-text-2\"><p><strong>Information according to \u00a7 5 TMG:<\/strong><\/p>\n<p>Felix Schmidt<br \/>\nMarienplatz 13 B<br \/>\n87509 Immenstadt im Allg\u00e4u<br \/>\nGermany<\/p>\n<p>Phone: +49 1 77 &#8211; 5 24 25 24<br \/>\nE-Mail: hello@fxschmidt.com<\/p>\n<p><strong>VAT Id:<\/strong><\/p>\n<p>DE248651141<\/p>\n<p><strong>The professional liability insurance was taken out with:<\/strong><\/p>\n<p>ARAG SE<\/p>\n<p><strong>Scope of the insurance cover:<\/strong><\/p>\n<p>Germany<\/p>\n<p><strong>Responsible for the journalistic-editorial content is:<\/strong><\/p>\n<p>Felix Schmidt<\/p>\n<p><strong>Copyright information:<\/strong><\/p>\n<p>Illustrations: <a href=\"https:\/\/stock.adobe.com\/\" target=\"_blank\" rel=\"noopener nofollow\">Adobe Stock<\/a> (Simple Line), Freepik<\/p>\n<p><strong>Information according to \u00a7 36 VSBG:<\/strong><\/p>\n<p>We are voluntarily prepared to participate in the dispute resolution procedure at the consumer dispute resolution body. For consumer disputes with us, the Allgemeine Verbraucherschlichtungsstelle des Zentrums f\u00fcr Schlichtung e.V., Stra\u00dfburger Stra\u00dfe 8, 77694 Kehl am Rhein with the following website is responsible: https:\/\/www.verbraucher-schlichter.de.<\/p>\n<p>The imprint was created with the support of <a href=\"https:\/\/www.activemind.de\/\" target=\"_blank\" rel=\"noopener\">activeMind AG<\/a>.<\/p>\n<\/div><\/div><\/div><\/div><\/div>\n","protected":false},"excerpt":{"rendered":"","protected":false},"author":3,"featured_media":0,"parent":1466,"menu_order":0,"comment_status":"closed","ping_status":"closed","template":"100-width.php","meta":{"footnotes":""},"class_list":["post-1808","page","type-page","status-publish","hentry"],"yoast_head":"<!-- This site is optimized with the Yoast SEO plugin v26.3 - https:\/\/yoast.com\/wordpress\/plugins\/seo\/ -->\n<title>Legal notice | Felix Schmidt<\/title>\n<meta name=\"robots\" content=\"index, nofollow, max-snippet:-1, max-image-preview:large, max-video-preview:-1\" \/>\n<link rel=\"canonical\" href=\"https:\/\/fxschmidt.com\/en\/about\/legal-notice\/\" \/>\n<meta property=\"og:locale\" content=\"en_US\" \/>\n<meta property=\"og:type\" content=\"article\" \/>\n<meta property=\"og:title\" content=\"Legal notice | Felix Schmidt\" \/>\n<meta property=\"og:url\" content=\"https:\/\/fxschmidt.com\/en\/about\/legal-notice\/\" \/>\n<meta property=\"og:site_name\" content=\"Felix Schmidt\" \/>\n<meta property=\"article:modified_time\" content=\"2024-01-10T14:57:02+00:00\" \/>\n<meta property=\"og:image\" content=\"https:\/\/fxschmidt.com\/wp-content\/uploads\/felix-schmidt-logo-social-sharing.png\" \/>\n\t<meta property=\"og:image:width\" content=\"1200\" \/>\n\t<meta property=\"og:image:height\" content=\"630\" \/>\n\t<meta property=\"og:image:type\" content=\"image\/png\" \/>\n<meta name=\"twitter:card\" content=\"summary_large_image\" \/>\n<meta name=\"twitter:label1\" content=\"Est. reading time\" \/>\n\t<meta name=\"twitter:data1\" content=\"1 minute\" \/>\n<script type=\"application\/ld+json\" class=\"yoast-schema-graph\">{\"@context\":\"https:\/\/schema.org\",\"@graph\":[{\"@type\":\"WebPage\",\"@id\":\"https:\/\/fxschmidt.com\/en\/about\/legal-notice\/\",\"url\":\"https:\/\/fxschmidt.com\/en\/about\/legal-notice\/\",\"name\":\"Legal notice | Felix Schmidt\",\"isPartOf\":{\"@id\":\"https:\/\/fxschmidt.com\/#website\"},\"datePublished\":\"2022-09-15T07:09:32+00:00\",\"dateModified\":\"2024-01-10T14:57:02+00:00\",\"breadcrumb\":{\"@id\":\"https:\/\/fxschmidt.com\/en\/about\/legal-notice\/#breadcrumb\"},\"inLanguage\":\"en-US\",\"potentialAction\":[{\"@type\":\"ReadAction\",\"target\":[\"https:\/\/fxschmidt.com\/en\/about\/legal-notice\/\"]}]},{\"@type\":\"BreadcrumbList\",\"@id\":\"https:\/\/fxschmidt.com\/en\/about\/legal-notice\/#breadcrumb\",\"itemListElement\":[{\"@type\":\"ListItem\",\"position\":1,\"name\":\"Start\",\"item\":\"https:\/\/fxschmidt.com\/en\/\"},{\"@type\":\"ListItem\",\"position\":2,\"name\":\"About\",\"item\":\"https:\/\/fxschmidt.com\/en\/about\/\"},{\"@type\":\"ListItem\",\"position\":3,\"name\":\"Legal notice\"}]},{\"@type\":\"WebSite\",\"@id\":\"https:\/\/fxschmidt.com\/#website\",\"url\":\"https:\/\/fxschmidt.com\/\",\"name\":\"Felix Schmidt\",\"description\":\"Beratung, Training und Tools zur strategischen Kommunikation\",\"publisher\":{\"@id\":\"https:\/\/fxschmidt.com\/#\/schema\/person\/4b326d5f51260ddfe64fbf5705a4762c\"},\"alternateName\":\"Felix Schmidt\",\"potentialAction\":[{\"@type\":\"SearchAction\",\"target\":{\"@type\":\"EntryPoint\",\"urlTemplate\":\"https:\/\/fxschmidt.com\/?s={search_term_string}\"},\"query-input\":{\"@type\":\"PropertyValueSpecification\",\"valueRequired\":true,\"valueName\":\"search_term_string\"}}],\"inLanguage\":\"en-US\"},{\"@type\":[\"Person\",\"Organization\"],\"@id\":\"https:\/\/fxschmidt.com\/#\/schema\/person\/4b326d5f51260ddfe64fbf5705a4762c\",\"name\":\"Felix Schmidt\",\"image\":{\"@type\":\"ImageObject\",\"inLanguage\":\"en-US\",\"@id\":\"https:\/\/fxschmidt.com\/#\/schema\/person\/image\/\",\"url\":\"https:\/\/fxschmidt.com\/wp-content\/uploads\/felix-schmidt-icon.svg\",\"contentUrl\":\"https:\/\/fxschmidt.com\/wp-content\/uploads\/felix-schmidt-icon.svg\",\"width\":800,\"height\":800,\"caption\":\"Felix Schmidt\"},\"logo\":{\"@id\":\"https:\/\/fxschmidt.com\/#\/schema\/person\/image\/\"},\"sameAs\":[\"https:\/\/www.linkedin.com\/in\/fxschmidt\/\"]}]}<\/script>\n<!-- \/ Yoast SEO plugin. -->","yoast_head_json":{"title":"Legal notice | Felix Schmidt","robots":{"index":"index","follow":"nofollow","max-snippet":"max-snippet:-1","max-image-preview":"max-image-preview:large","max-video-preview":"max-video-preview:-1"},"canonical":"https:\/\/fxschmidt.com\/en\/about\/legal-notice\/","og_locale":"en_US","og_type":"article","og_title":"Legal notice | Felix Schmidt","og_url":"https:\/\/fxschmidt.com\/en\/about\/legal-notice\/","og_site_name":"Felix Schmidt","article_modified_time":"2024-01-10T14:57:02+00:00","og_image":[{"width":1200,"height":630,"url":"https:\/\/fxschmidt.com\/wp-content\/uploads\/felix-schmidt-logo-social-sharing.png","type":"image\/png"}],"twitter_card":"summary_large_image","twitter_misc":{"Est. reading time":"1 minute"},"schema":{"@context":"https:\/\/schema.org","@graph":[{"@type":"WebPage","@id":"https:\/\/fxschmidt.com\/en\/about\/legal-notice\/","url":"https:\/\/fxschmidt.com\/en\/about\/legal-notice\/","name":"Legal notice | Felix Schmidt","isPartOf":{"@id":"https:\/\/fxschmidt.com\/#website"},"datePublished":"2022-09-15T07:09:32+00:00","dateModified":"2024-01-10T14:57:02+00:00","breadcrumb":{"@id":"https:\/\/fxschmidt.com\/en\/about\/legal-notice\/#breadcrumb"},"inLanguage":"en-US","potentialAction":[{"@type":"ReadAction","target":["https:\/\/fxschmidt.com\/en\/about\/legal-notice\/"]}]},{"@type":"BreadcrumbList","@id":"https:\/\/fxschmidt.com\/en\/about\/legal-notice\/#breadcrumb","itemListElement":[{"@type":"ListItem","position":1,"name":"Start","item":"https:\/\/fxschmidt.com\/en\/"},{"@type":"ListItem","position":2,"name":"About","item":"https:\/\/fxschmidt.com\/en\/about\/"},{"@type":"ListItem","position":3,"name":"Legal notice"}]},{"@type":"WebSite","@id":"https:\/\/fxschmidt.com\/#website","url":"https:\/\/fxschmidt.com\/","name":"Felix Schmidt","description":"Beratung, Training und Tools zur strategischen Kommunikation","publisher":{"@id":"https:\/\/fxschmidt.com\/#\/schema\/person\/4b326d5f51260ddfe64fbf5705a4762c"},"alternateName":"Felix Schmidt","potentialAction":[{"@type":"SearchAction","target":{"@type":"EntryPoint","urlTemplate":"https:\/\/fxschmidt.com\/?s={search_term_string}"},"query-input":{"@type":"PropertyValueSpecification","valueRequired":true,"valueName":"search_term_string"}}],"inLanguage":"en-US"},{"@type":["Person","Organization"],"@id":"https:\/\/fxschmidt.com\/#\/schema\/person\/4b326d5f51260ddfe64fbf5705a4762c","name":"Felix Schmidt","image":{"@type":"ImageObject","inLanguage":"en-US","@id":"https:\/\/fxschmidt.com\/#\/schema\/person\/image\/","url":"https:\/\/fxschmidt.com\/wp-content\/uploads\/felix-schmidt-icon.svg","contentUrl":"https:\/\/fxschmidt.com\/wp-content\/uploads\/felix-schmidt-icon.svg","width":800,"height":800,"caption":"Felix Schmidt"},"logo":{"@id":"https:\/\/fxschmidt.com\/#\/schema\/person\/image\/"},"sameAs":["https:\/\/www.linkedin.com\/in\/fxschmidt\/"]}]}},"_links":{"self":[{"href":"https:\/\/fxschmidt.com\/en\/wp-json\/wp\/v2\/pages\/1808","targetHints":{"allow":["GET"]}}],"collection":[{"href":"https:\/\/fxschmidt.com\/en\/wp-json\/wp\/v2\/pages"}],"about":[{"href":"https:\/\/fxschmidt.com\/en\/wp-json\/wp\/v2\/types\/page"}],"author":[{"embeddable":true,"href":"https:\/\/fxschmidt.com\/en\/wp-json\/wp\/v2\/users\/3"}],"replies":[{"embeddable":true,"href":"https:\/\/fxschmidt.com\/en\/wp-json\/wp\/v2\/comments?post=1808"}],"version-history":[{"count":1,"href":"https:\/\/fxschmidt.com\/en\/wp-json\/wp\/v2\/pages\/1808\/revisions"}],"predecessor-version":[{"id":1809,"href":"https:\/\/fxschmidt.com\/en\/wp-json\/wp\/v2\/pages\/1808\/revisions\/1809"}],"up":[{"embeddable":true,"href":"https:\/\/fxschmidt.com\/en\/wp-json\/wp\/v2\/pages\/1466"}],"wp:attachment":[{"href":"https:\/\/fxschmidt.com\/en\/wp-json\/wp\/v2\/media?parent=1808"}],"curies":[{"name":"wp","href":"https:\/\/api.w.org\/{rel}","templated":true}]}}